{"id":1666,"date":"2023-06-22T17:59:54","date_gmt":"2023-06-22T15:59:54","guid":{"rendered":"https:\/\/a-additive.com\/home\/"},"modified":"2026-02-25T11:31:04","modified_gmt":"2026-02-25T10:31:04","slug":"home","status":"publish","type":"page","link":"https:\/\/a-additive.com\/de\/","title":{"rendered":"Advanced Additive: Innovative Software for 3D Printing"},"content":{"rendered":"<p> Advanced Additive &#8211; Your Production. Our Optimization. The Future of Industrial Manufacturing.<\/p>\n\n\n\n<div style=\"height:46px\" aria-hidden=\"true\" class=\"wp-block-spacer\"><\/div>\n\n\n\n<div class=\"wp-block-columns are-vertically-aligned-top is-layout-flex wp-container-core-columns-is-layout-32e9be8a wp-block-columns-is-layout-flex\" style=\"border-style:none;border-width:0px;padding-right:0%;padding-left:0%\">\n<div class=\"wp-block-column is-vertically-aligned-top is-layout-flow wp-container-core-column-is-layout-14c365ed wp-block-column-is-layout-flow\" style=\"padding-left:0;flex-basis:450px\">\n<figure class=\"wp-block-image alignleft size-large is-resized has-custom-border hvr-grow\"><a href=\"https:\/\/optimize.a-additive.com\/\"><img data-recalc-dims=\"1\" loading=\"lazy\" decoding=\"async\" width=\"1024\" height=\"683\" src=\"https:\/\/i0.wp.com\/a-additive.com\/wp-content\/uploads\/2025\/07\/Image-10.jpeg?resize=1024%2C683&#038;ssl=1\" alt=\"Applications for Project path. \" class=\"wp-image-60002\" style=\"border-radius:20px;object-fit:cover;width:450px;height:150px\" srcset=\"https:\/\/i0.wp.com\/a-additive.com\/wp-content\/uploads\/2025\/07\/Image-10.jpeg?resize=1024%2C683&amp;ssl=1 1024w, https:\/\/i0.wp.com\/a-additive.com\/wp-content\/uploads\/2025\/07\/Image-10.jpeg?resize=300%2C200&amp;ssl=1 300w, https:\/\/i0.wp.com\/a-additive.com\/wp-content\/uploads\/2025\/07\/Image-10.jpeg?resize=768%2C512&amp;ssl=1 768w, https:\/\/i0.wp.com\/a-additive.com\/wp-content\/uploads\/2025\/07\/Image-10.jpeg?w=1200&amp;ssl=1 1200w\" sizes=\"auto, (max-width: 1000px) 100vw, 1000px\" \/><\/a><\/figure>\n\n\n\n<div style=\"height:18px\" aria-hidden=\"true\" class=\"wp-block-spacer\"><\/div>\n\n\n\n<p class=\"has-contrast-color has-text-color has-link-color wp-elements-748a662e6e50249506b644975f3861e3\" style=\"margin-right:0;margin-left:0\"><strong>Plattform<\/strong><\/p>\n\n\n\n<div style=\"height:11px\" aria-hidden=\"true\" class=\"wp-block-spacer\"><\/div>\n\n\n\n<p class=\"has-contrast-color has-text-color has-link-color has-small-font-size wp-elements-e02c9129d180373128c49049b1a17630\"><strong>Deine Produktion. Unsere Optimierung.<\/strong><\/p>\n\n\n\n<div style=\"height:2px\" aria-hidden=\"true\" class=\"wp-block-spacer\"><\/div>\n\n\n\n<p class=\"has-contrast-color has-text-color has-link-color has-small-font-size wp-elements-c672c65b1cd533d146f81536794cd05d\">Our cloud-based platform lets you optimize 3D print jobs in just a few steps. Upload your G-code &#8211; the file is processed on our servers.<\/p>\n<\/div>\n\n\n\n<div class=\"wp-block-column is-vertically-aligned-top is-layout-flow wp-block-column-is-layout-flow\" style=\"flex-basis:450px\">\n<figure class=\"wp-block-image alignleft size-large is-resized has-custom-border hvr-grow\"><a href=\"https:\/\/a-additive.com\/de\/our-software\/\"><img data-recalc-dims=\"1\" loading=\"lazy\" decoding=\"async\" width=\"1024\" height=\"683\" src=\"https:\/\/i0.wp.com\/a-additive.com\/wp-content\/uploads\/2025\/07\/Druckbehalter_Ausstellung.jpeg?resize=1024%2C683&#038;ssl=1\" alt=\"3D printing parts - gas tight component as an application show.off.\" class=\"wp-image-59999\" style=\"border-radius:20px;object-fit:cover;width:450px;height:150px\" srcset=\"https:\/\/i0.wp.com\/a-additive.com\/wp-content\/uploads\/2025\/07\/Druckbehalter_Ausstellung.jpeg?resize=1024%2C683&amp;ssl=1 1024w, https:\/\/i0.wp.com\/a-additive.com\/wp-content\/uploads\/2025\/07\/Druckbehalter_Ausstellung.jpeg?resize=300%2C200&amp;ssl=1 300w, https:\/\/i0.wp.com\/a-additive.com\/wp-content\/uploads\/2025\/07\/Druckbehalter_Ausstellung.jpeg?resize=768%2C512&amp;ssl=1 768w, https:\/\/i0.wp.com\/a-additive.com\/wp-content\/uploads\/2025\/07\/Druckbehalter_Ausstellung.jpeg?w=1200&amp;ssl=1 1200w\" sizes=\"auto, (max-width: 1000px) 100vw, 1000px\" \/><\/a><\/figure>\n\n\n\n<div style=\"height:18px\" aria-hidden=\"true\" class=\"wp-block-spacer\"><\/div>\n\n\n\n<p class=\"has-contrast-color has-text-color has-link-color wp-elements-5a0084d1a7d75967f9ffbf363f2d3b59\"><strong>Project Path<\/strong><\/p>\n\n\n\n<div style=\"height:11px\" aria-hidden=\"true\" class=\"wp-block-spacer\"><\/div>\n\n\n\n<p class=\"has-contrast-color has-text-color has-link-color has-small-font-size wp-elements-17bf6b2638e64d925e74bfb26b83fbe2\"><strong>Project Path sets new standards for industrial manufacturing!<\/strong><\/p>\n\n\n\n<div style=\"height:2px\" aria-hidden=\"true\" class=\"wp-block-spacer\"><\/div>\n\n\n\n<p class=\"has-contrast-color has-text-color has-link-color has-small-font-size wp-elements-fffa93185e579c3e4f2e95bef0a41cf1\">Optimize material deposition, improve mechanical properties, and achieve exceptional results.<\/p>\n<\/div>\n\n\n\n<div class=\"wp-block-column is-vertically-aligned-top is-layout-flow wp-block-column-is-layout-flow\" style=\"flex-basis:450px\">\n<figure class=\"wp-block-image alignleft size-full is-resized has-custom-border hvr-grow\"><a href=\"https:\/\/a-additive.com\/de\/about-us\/\"><img data-recalc-dims=\"1\" loading=\"lazy\" decoding=\"async\" width=\"1200\" height=\"800\" src=\"https:\/\/i0.wp.com\/a-additive.com\/wp-content\/uploads\/2025\/07\/Teamfoto_quer.jpeg?resize=1200%2C800&#038;ssl=1\" alt=\"The Founders of Advanced Additive Julia Paternoster and Floran Aigner.\" class=\"wp-image-60001\" style=\"border-radius:20px;object-fit:cover;width:450px;height:150px\" srcset=\"https:\/\/i0.wp.com\/a-additive.com\/wp-content\/uploads\/2025\/07\/Teamfoto_quer.jpeg?w=1200&amp;ssl=1 1200w, https:\/\/i0.wp.com\/a-additive.com\/wp-content\/uploads\/2025\/07\/Teamfoto_quer.jpeg?resize=300%2C200&amp;ssl=1 300w, https:\/\/i0.wp.com\/a-additive.com\/wp-content\/uploads\/2025\/07\/Teamfoto_quer.jpeg?resize=1024%2C683&amp;ssl=1 1024w, https:\/\/i0.wp.com\/a-additive.com\/wp-content\/uploads\/2025\/07\/Teamfoto_quer.jpeg?resize=768%2C512&amp;ssl=1 768w\" sizes=\"auto, (max-width: 1000px) 100vw, 1000px\" \/><\/a><\/figure>\n\n\n\n<div style=\"height:18px\" aria-hidden=\"true\" class=\"wp-block-spacer\"><\/div>\n\n\n\n<p class=\"has-contrast-color has-text-color has-link-color wp-elements-78f1883457089448174913e4f3c9406d\"><strong> Team<\/strong><\/p>\n\n\n\n<div style=\"height:11px\" aria-hidden=\"true\" class=\"wp-block-spacer\"><\/div>\n\n\n\n<p class=\"has-contrast-color has-text-color has-link-color has-small-font-size wp-elements-7dcc27017de7f89e0016fa119c184fcd\"><strong>Lerne uns kennen!<\/strong><\/p>\n\n\n\n<div style=\"height:2px\" aria-hidden=\"true\" class=\"wp-block-spacer\"><\/div>\n\n\n\n<p class=\"has-contrast-color has-text-color has-link-color has-small-font-size wp-elements-987f2a1e2a376fe5f5d9e00c2fdaa516\">Our dedicated team includes Florian Aigner and Julia Paternoster.<\/p>\n<\/div>\n\n\n\n<div class=\"wp-block-column is-vertically-aligned-top is-layout-flow wp-block-column-is-layout-flow\" style=\"padding-right:0;flex-basis:450px\">\n<figure class=\"wp-block-image alignleft size-full is-resized has-custom-border hvr-grow\"><a href=\"https:\/\/a-additive.com\/de\/partners\/\"><img data-recalc-dims=\"1\" loading=\"lazy\" decoding=\"async\" width=\"1200\" height=\"800\" src=\"https:\/\/i0.wp.com\/a-additive.com\/wp-content\/uploads\/2025\/07\/Image-6.jpeg?resize=1200%2C800&#038;ssl=1\" alt=\"Advanced Additive and Rocket at the startup festival by stellwerk18 in Rosenheim.\" class=\"wp-image-60003\" style=\"border-radius:20px;object-fit:cover;width:450px;height:150px\" srcset=\"https:\/\/i0.wp.com\/a-additive.com\/wp-content\/uploads\/2025\/07\/Image-6.jpeg?w=1200&amp;ssl=1 1200w, https:\/\/i0.wp.com\/a-additive.com\/wp-content\/uploads\/2025\/07\/Image-6.jpeg?resize=300%2C200&amp;ssl=1 300w, https:\/\/i0.wp.com\/a-additive.com\/wp-content\/uploads\/2025\/07\/Image-6.jpeg?resize=1024%2C683&amp;ssl=1 1024w, https:\/\/i0.wp.com\/a-additive.com\/wp-content\/uploads\/2025\/07\/Image-6.jpeg?resize=768%2C512&amp;ssl=1 768w\" sizes=\"auto, (max-width: 1000px) 100vw, 1000px\" \/><\/a><\/figure>\n\n\n\n<div style=\"height:18px\" aria-hidden=\"true\" class=\"wp-block-spacer\"><\/div>\n\n\n\n<p class=\"has-contrast-color has-text-color has-link-color wp-elements-f5c362411a100801cb5e7d1048f992a6\"><strong>Partner<\/strong><\/p>\n\n\n\n<div style=\"height:11px\" aria-hidden=\"true\" class=\"wp-block-spacer\"><\/div>\n\n\n\n<p class=\"has-contrast-color has-text-color has-link-color has-small-font-size wp-elements-78963ab1a7c4a7afb87e8d3b37d75990\"><strong>Wollen Sie Partner werden?<\/strong><\/p>\n\n\n\n<div style=\"height:2px\" aria-hidden=\"true\" class=\"wp-block-spacer\"><\/div>\n\n\n\n<p class=\"has-contrast-color has-text-color has-link-color has-small-font-size wp-elements-a7b7e0e365b7b4949a24c6a0ed878cd1\">Join us in shaping the future of additive manufacturing!<\/p>\n<\/div>\n<\/div>\n\n\n\n<div class=\"wp-block-columns is-layout-flex wp-container-core-columns-is-layout-abf9dafc wp-block-columns-is-layout-flex\" style=\"border-style:none;border-width:0px;padding-top:0%;padding-right:0%;padding-left:0%\">\n<div class=\"wp-block-column is-layout-flow wp-block-column-is-layout-flow\">\n<div class=\"wp-block-buttons is-layout-flex wp-block-buttons-is-layout-flex\">\n<div class=\"wp-block-button hvr-grow\"><a class=\"wp-block-button__link has-small-font-size has-custom-font-size wp-element-button\" href=\"https:\/\/optimize.a-additive.com\/\" target=\"_blank\" rel=\"noreferrer noopener\">Jetzt registrieren!<\/a><\/div>\n<\/div>\n<\/div>\n\n\n\n<div class=\"wp-block-column is-vertically-aligned-top is-layout-flow wp-container-core-column-is-layout-14c365ed wp-block-column-is-layout-flow\" style=\"padding-left:0\">\n<div class=\"wp-block-buttons is-layout-flex wp-block-buttons-is-layout-flex\">\n<div class=\"wp-block-button hvr-grow\"><a class=\"wp-block-button__link has-small-font-size has-custom-font-size wp-element-button\" href=\"https:\/\/a-additive.com\/de\/our-software\/\">Read more!<\/a><\/div>\n<\/div>\n<\/div>\n\n\n\n<div class=\"wp-block-column is-layout-flow wp-block-column-is-layout-flow\" style=\"padding-right:1%;padding-left:1%\">\n<div class=\"wp-block-buttons is-layout-flex wp-block-buttons-is-layout-flex\">\n<div class=\"wp-block-button hvr-grow\"><a class=\"wp-block-button__link has-small-font-size has-custom-font-size wp-element-button\" href=\"https:\/\/a-additive.com\/de\/about-us\/\">Read more!<\/a><\/div>\n<\/div>\n<\/div>\n\n\n\n<div class=\"wp-block-column is-layout-flow wp-block-column-is-layout-flow\" style=\"padding-right:0\">\n<div class=\"wp-block-buttons is-layout-flex wp-block-buttons-is-layout-flex\">\n<div class=\"wp-block-button hvr-grow\"><a class=\"wp-block-button__link has-small-font-size has-custom-font-size wp-element-button\" href=\"https:\/\/a-additive.com\/de\/partners\/\">Partner with us!<\/a><\/div>\n<\/div>\n<\/div>\n<\/div>\n\n\n\n<div style=\"height:56px\" aria-hidden=\"true\" id=\"project-path\" class=\"wp-block-spacer\"><\/div>\n\n\n\n<hr class=\"wp-block-separator has-alpha-channel-opacity is-style-wide\"\/>\n\n\n\n<div style=\"height:56px\" aria-hidden=\"true\" id=\"project-path\" class=\"wp-block-spacer\"><\/div>\n\n\n\n<div class=\"wp-block-cover has-parallax has-custom-content-position is-position-top-left\" style=\"padding-right:0%;padding-left:0%;min-height:651px;aspect-ratio:unset;\"><div role=\"img\" aria-label=\"Backround for the contact form. 3D printed components.\" class=\"wp-block-cover__image-background wp-image-60549 size-full has-parallax\" style=\"background-position:50% 50%;background-image:url(https:\/\/a-additive.com\/wp-content\/uploads\/2025\/07\/Image-9.jpeg)\"><\/div><span aria-hidden=\"true\" class=\"wp-block-cover__background has-background-dim-40 has-background-dim\" style=\"background-color:#001233\"><\/span><div class=\"wp-block-cover__inner-container is-layout-flow wp-container-core-cover-is-layout-c3374d39 wp-block-cover-is-layout-flow\">\n<p class=\"has-text-align-left has-base-color has-text-color has-link-color wp-elements-fdc98f40c1163dbdb8c5571fd4df07e0\" style=\"font-size:clamp(1.502rem, 1.502rem + ((1vw - 0.2rem) * 1.815), 2.5rem);\">Say Hello to our team at Advanced Additive!<\/p>\n\n\n<div class=\"wp-block-jetpack-contact-form is-style-default wp-elements-db5158c275e27cdfcea190ed58b75a55\"><a href=\"https:\/\/a-additive.com\/de\/\" target=\"_blank\" rel=\"noopener noreferrer\">Formular einreichen.<\/a><\/div><\/div><\/div>\n\n\n\n<div style=\"height:56px\" aria-hidden=\"true\" id=\"project-path\" class=\"wp-block-spacer\"><\/div>\n\n\n\n<hr class=\"wp-block-separator has-alpha-channel-opacity is-style-wide\"\/>\n\n\n\n<div style=\"height:56px\" aria-hidden=\"true\" id=\"project-path\" class=\"wp-block-spacer\"><\/div>\n\n\n\n<h2 class=\"wp-block-heading\" style=\"margin-right:15%;margin-left:15%;font-size:clamp(1.502rem, 1.502rem + ((1vw - 0.2rem) * 1.815), 2.5rem);\"><strong>FAQ<\/strong> &#8211; Everything you need to know about Advanced Additive!<\/h2>\n\n\n\n<div style=\"height:43px\" aria-hidden=\"true\" class=\"wp-block-spacer\"><\/div>\n\n\n\n<details class=\"wp-block-details hvr-shadow-radial has-medium-font-size is-layout-flow wp-container-core-details-is-layout-0bf17b5c wp-block-details-is-layout-flow\" style=\"margin-right:15%;margin-left:15%\" open><summary><strong><strong>Welche Probleme in der additiven Fertigung l\u00f6st Advanced Additive?<\/strong><\/strong><\/summary>\n<div style=\"height:22px\" aria-hidden=\"true\" class=\"wp-block-spacer\"><\/div>\n\n\n\n<p class=\"has-contrast-color has-text-color has-link-color has-small-font-size wp-elements-a7e9f6abdda225205591deb3696bb2ce\">FLM-based parts often suffer from uneven infill structures, leading to unreliable material properties, high tolerances, and unstable processes. Traditional slicers fall short in handling complex geometries and industrial demands, causing wasted material, higher costs, and production delays.<\/p>\n\n\n\n<div style=\"height:12px\" aria-hidden=\"true\" class=\"wp-block-spacer\"><\/div>\n\n\n\n<p class=\"has-small-font-size\">Advanced Additive&#8217;s solution, Project Path, optimizes toolpath planning to deliver precise and reliable material deposition. By uploading and optimizing machine code directly in our platform, users achieve consistent infill, improved mechanical properties, and reduced scrap. This not only meets but exceeds industry standards, enabling safer, more efficient additive manufacturing for critical applications and accelerating the industrialization of 3D printing.<\/p>\n\n\n\n<div style=\"height:12px\" aria-hidden=\"true\" class=\"wp-block-spacer\"><\/div>\n\n\n\n<p class=\"has-contrast-color has-text-color has-link-color has-small-font-size wp-elements-43fa0981c87f44e76ecea5f2c00a6a4b\"><strong>Neben unseren Produkten entwickeln wir kundenspezifische L\u00f6sungen, die es unseren Kunden erm\u00f6glichen, neue Materialien zu drucken und neue Anwendungen zu erschlie\u00dfen<\/strong>!<\/p>\n<\/details>\n\n\n\n<div style=\"height:44px\" aria-hidden=\"true\" class=\"wp-block-spacer\"><\/div>\n\n\n\n<details class=\"wp-block-details hvr-shadow-radial has-medium-font-size is-layout-flow wp-container-core-details-is-layout-0bf17b5c wp-block-details-is-layout-flow\" style=\"margin-right:15%;margin-left:15%\"><summary><strong><strong><strong>Wie funktioniert unsere Software?<\/strong><\/strong><\/strong><\/summary>\n<div style=\"height:22px\" aria-hidden=\"true\" class=\"wp-block-spacer\"><\/div>\n\n\n\n<p class=\"has-small-font-size\">Our software optimizes your industrial 3D printing process by intelligently adjusting parts of the G-code. We use variable extrusion widths combined with optimized toolpath planning to ensure precise material deposition and improved part quality. The optimized G-code is fully processed and calculated on our servers, so you receive a ready-to-use file. You can use our solution seamlessly as a plugin integrated into your existing workflow or access it easily through our online platform for flexible, cloud-based optimization.<\/p>\n\n\n\n<div style=\"height:14px\" aria-hidden=\"true\" class=\"wp-block-spacer\"><\/div>\n\n\n\n<div class=\"wp-block-buttons has-custom-font-size has-small-font-size is-layout-flex wp-container-core-buttons-is-layout-6f59021e wp-block-buttons-is-layout-flex\" style=\"margin-top:0;margin-bottom:0\">\n<div class=\"wp-block-button\"><a class=\"wp-block-button__link has-secondary-background-color has-background has-small-font-size has-custom-font-size wp-element-button\" href=\"https:\/\/optimize.a-additive.com\/\" style=\"border-style:none;border-width:0px;padding-top:0px;padding-right:0;padding-bottom:0px;padding-left:0\" target=\"_blank\" rel=\"noreferrer noopener\"><strong>Jetzt registrieren!<\/strong><\/a><\/div>\n<\/div>\n<\/details>\n\n\n\n<div style=\"height:44px\" aria-hidden=\"true\" class=\"wp-block-spacer\"><\/div>\n\n\n\n<details class=\"wp-block-details hvr-shadow-radial has-medium-font-size is-layout-flow wp-container-core-details-is-layout-0bf17b5c wp-block-details-is-layout-flow\" style=\"margin-right:15%;margin-left:15%\"><summary><strong><strong><strong><strong>Was sind die Vorteile von Project Path?<\/strong><\/strong><\/strong><\/strong><\/summary>\n<div style=\"height:22px\" aria-hidden=\"true\" class=\"wp-block-spacer\"><\/div>\n\n\n\n<p class=\"has-small-font-size\">Our software addresses key challenges in industrial additive manufacturing, delivering lasting economic and technical benefits. By optimizing the process, it reduces production costs, lowers scrap rates, and ensures consistently high part quality and process reliability.<\/p>\n\n\n\n<div style=\"height:12px\" aria-hidden=\"true\" class=\"wp-block-spacer\"><\/div>\n\n\n\n<p class=\"has-small-font-size\"><strong>Optimierte Qualit\u00e4t und Prozesssicherheit:<\/strong> Project Path erm\u00f6glicht die pr\u00e4zise Produktion von mechanisch robusten, druck- und wasserdichten Teilen. Sein stabiles und fehlerfreies Slicing garantiert eine gleichbleibende Qualit\u00e4t - entscheidend f\u00fcr sicherheitskritische Branchen wie Luft- und Raumfahrt, Medizintechnik und Automotive. Auch FDM-Sintermaterialien und Funktionsprototypen profitieren von der verbesserten Fertigungsplanung.<\/p>\n\n\n\n<p class=\"has-small-font-size\"><strong>Nahtlose Integration und universelle Anwendbarkeit:<\/strong> Unsere Software l\u00e4sst sich m\u00fchelos als Plugin oder Postprozessor in bestehende Produktionsumgebungen integrieren. Sie unterst\u00fctzt vertraute Benutzeroberfl\u00e4chen, wie die native Integration in Zortrax Z-Suite, und ist maschinen- und materialunabh\u00e4ngig. Sie kann auch auf andere Prozesse wie SLS erweitert werden, so dass Unternehmen die Produktion ohne zus\u00e4tzliche Investitionen oder Aufwand effizient skalieren k\u00f6nnen.<\/p>\n\n\n\n<p class=\"has-small-font-size\"><strong>Kundenorientierter Nutzen:<\/strong> Durch die Verbesserung der Bauteilqualit\u00e4t, die Reduzierung des Ausschusses und die Optimierung der Arbeitsabl\u00e4ufe tr\u00e4gt Project Path zur Senkung der Produktionskosten bei und st\u00e4rkt die Wettbewerbsf\u00e4higkeit unserer Kunden nachhaltig.<\/p>\n<\/details>\n\n\n\n<div style=\"height:44px\" aria-hidden=\"true\" class=\"wp-block-spacer\"><\/div>\n\n\n\n<details class=\"wp-block-details hvr-shadow-radial has-medium-font-size is-layout-flow wp-container-core-details-is-layout-0bf17b5c wp-block-details-is-layout-flow\" style=\"margin-right:15%;margin-left:15%\"><summary><strong><strong><strong>Wer arbeitet an Project Path und wer unterst\u00fctzt uns?<\/strong><\/strong><\/strong><\/summary>\n<div style=\"height:22px\" aria-hidden=\"true\" class=\"wp-block-spacer\"><\/div>\n\n\n\n<p class=\"has-small-font-size\">Our dedicated team at Advanced Additive includes Florian Aigner, focusing on additive manufacturing and software development, and Julia Paternoster, responsible for marketing, communication, web and sales. We collaborate closely with partners like Zortrax, Stellwerk18, and TUM Venture Labs Additive Manufacturing, who provide valuable technical expertise and support. Additionally, our work is backed by research institutions such as TH Rosenheim and funded through programs like the EXIST and Fl\u00fcgge grants, enabling us to continuously develop and improve our solutions.<\/p>\n\n\n\n<div style=\"height:19px\" aria-hidden=\"true\" class=\"wp-block-spacer\"><\/div>\n\n\n\n<div class=\"wp-block-buttons is-layout-flex wp-block-buttons-is-layout-flex\">\n<div class=\"wp-block-button hvr-grow\"><a class=\"wp-block-button__link has-secondary-background-color has-background has-small-font-size has-custom-font-size wp-element-button\" href=\"https:\/\/a-additive.com\/de\/partners\/\"><strong>Mehr \u00fcber unsere Partner<\/strong><\/a><\/div>\n<\/div>\n<\/details>\n\n\n\n<div style=\"height:63px\" aria-hidden=\"true\" class=\"wp-block-spacer\"><\/div>\n\n\n\n<figure class=\"wp-block-embed is-type-video is-provider-youtube wp-block-embed-youtube wp-embed-aspect-16-9 wp-has-aspect-ratio\" style=\"margin-right:15%;margin-left:15%\"><div class=\"wp-block-embed__wrapper\">\n<iframe loading=\"lazy\" title=\"Advanced Additive in a Nutshell\" width=\"500\" height=\"281\" src=\"https:\/\/www.youtube.com\/embed\/JZVBJjL4t5g?feature=oembed\" frameborder=\"0\" allow=\"accelerometer; autoplay; clipboard-write; encrypted-media; gyroscope; picture-in-picture; web-share\" referrerpolicy=\"strict-origin-when-cross-origin\" allowfullscreen><\/iframe>\n<\/div><\/figure>\n\n\n\n<div style=\"height:64px\" aria-hidden=\"true\" class=\"wp-block-spacer\"><\/div>\n\n\n\n<p>Follow us on Social media: <a href=\"https:\/\/www.linkedin.com\/company\/advanced-additive\/\" target=\"_blank\" rel=\"noopener\">LinkedIn<\/a><\/p>\n\n\n\n<div style=\"height:64px\" aria-hidden=\"true\" class=\"wp-block-spacer\"><\/div>","protected":false},"excerpt":{"rendered":"<p>Your Production. Our Optimization. The Future of Industrial Manufacturing. Project Path optimizes toolpaths and enables reliable, cost-efficient production with injection molding-like quality while keeping the flexibility of 3D printing.<\/p>","protected":false},"author":1,"featured_media":59215,"parent":0,"menu_order":0,"comment_status":"closed","ping_status":"closed","template":"test-design","meta":{"footnotes":""},"class_list":["post-1666","page","type-page","status-publish","has-post-thumbnail","hentry"],"jetpack_sharing_enabled":false,"_links":{"self":[{"href":"https:\/\/a-additive.com\/de\/wp-json\/wp\/v2\/pages\/1666","targetHints":{"allow":["GET"]}}],"collection":[{"href":"https:\/\/a-additive.com\/de\/wp-json\/wp\/v2\/pages"}],"about":[{"href":"https:\/\/a-additive.com\/de\/wp-json\/wp\/v2\/types\/page"}],"author":[{"embeddable":true,"href":"https:\/\/a-additive.com\/de\/wp-json\/wp\/v2\/users\/1"}],"replies":[{"embeddable":true,"href":"https:\/\/a-additive.com\/de\/wp-json\/wp\/v2\/comments?post=1666"}],"version-history":[{"count":0,"href":"https:\/\/a-additive.com\/de\/wp-json\/wp\/v2\/pages\/1666\/revisions"}],"wp:featuredmedia":[{"embeddable":true,"href":"https:\/\/a-additive.com\/de\/wp-json\/wp\/v2\/media\/59215"}],"wp:attachment":[{"href":"https:\/\/a-additive.com\/de\/wp-json\/wp\/v2\/media?parent=1666"}],"curies":[{"name":"wp","href":"https:\/\/api.w.org\/{rel}","templated":true}]}}